{"id":170,"date":"2025-02-12T16:34:58","date_gmt":"2025-02-12T15:34:58","guid":{"rendered":"https:\/\/addictionsurfboards.com\/?page_id=170"},"modified":"2025-02-20T11:54:46","modified_gmt":"2025-02-20T10:54:46","slug":"sucht-surfboards-waiting-page","status":"publish","type":"page","link":"https:\/\/addictionsurfboards.com\/de\/addiction-surfboards-waiting-page\/","title":{"rendered":"ADDICTION SURFBOARDS - WAITING PAGE"},"content":{"rendered":"","protected":false},"excerpt":{"rendered":"","protected":false},"author":4,"featured_media":0,"parent":0,"menu_order":0,"comment_status":"closed","ping_status":"closed","template":"","meta":{"_seopress_robots_primary_cat":"","_seopress_titles_title":"D\u00e9couvrez Addiction Surfboards : Attendez avec impatience !","_seopress_titles_desc":"D\u00e9couvrez Addiction Surfboards, des planches de surf sur mesure pour tous les niveaux. Pr\u00e9parez-vous \u00e0 conqu\u00e9rir les vagues avec style!","_seopress_robots_index":"","inline_featured_image":false,"footnotes":""},"class_list":["post-170","page","type-page","status-publish","hentry"],"acpt":null,"_links":{"self":[{"href":"https:\/\/addictionsurfboards.com\/de\/wp-json\/wp\/v2\/pages\/170","targetHints":{"allow":["GET"]}}],"collection":[{"href":"https:\/\/addictionsurfboards.com\/de\/wp-json\/wp\/v2\/pages"}],"about":[{"href":"https:\/\/addictionsurfboards.com\/de\/wp-json\/wp\/v2\/types\/page"}],"author":[{"embeddable":true,"href":"https:\/\/addictionsurfboards.com\/de\/wp-json\/wp\/v2\/users\/4"}],"replies":[{"embeddable":true,"href":"https:\/\/addictionsurfboards.com\/de\/wp-json\/wp\/v2\/comments?post=170"}],"version-history":[{"count":2,"href":"https:\/\/addictionsurfboards.com\/de\/wp-json\/wp\/v2\/pages\/170\/revisions"}],"predecessor-version":[{"id":397,"href":"https:\/\/addictionsurfboards.com\/de\/wp-json\/wp\/v2\/pages\/170\/revisions\/397"}],"wp:attachment":[{"href":"https:\/\/addictionsurfboards.com\/de\/wp-json\/wp\/v2\/media?parent=170"}],"curies":[{"name":"wp","href":"https:\/\/api.w.org\/{rel}","templated":true}]}}