{"id":107,"date":"2025-01-31T12:33:11","date_gmt":"2025-01-31T11:33:11","guid":{"rendered":"https:\/\/addictionsurfboards.com\/login\/"},"modified":"2025-02-20T11:59:46","modified_gmt":"2025-02-20T10:59:46","slug":"login","status":"publish","type":"page","link":"https:\/\/addictionsurfboards.com\/de\/login\/","title":{"rendered":"Verbindung"},"content":{"rendered":"","protected":false},"excerpt":{"rendered":"","protected":false},"author":1,"featured_media":0,"parent":0,"menu_order":0,"comment_status":"closed","ping_status":"closed","template":"","meta":{"_seopress_robots_primary_cat":"","_seopress_titles_title":"Connectez-vous \u00e0 votre compte Addiction Surfboards","_seopress_titles_desc":"Acc\u00e9dez \u00e0 votre compte sur Addiction Surfboards pour d\u00e9couvrir notre s\u00e9lection de planches et optimiser votre exp\u00e9rience de surf.","_seopress_robots_index":"","inline_featured_image":false,"footnotes":""},"class_list":["post-107","page","type-page","status-publish","hentry"],"acpt":null,"_links":{"self":[{"href":"https:\/\/addictionsurfboards.com\/de\/wp-json\/wp\/v2\/pages\/107","targetHints":{"allow":["GET"]}}],"collection":[{"href":"https:\/\/addictionsurfboards.com\/de\/wp-json\/wp\/v2\/pages"}],"about":[{"href":"https:\/\/addictionsurfboards.com\/de\/wp-json\/wp\/v2\/types\/page"}],"author":[{"embeddable":true,"href":"https:\/\/addictionsurfboards.com\/de\/wp-json\/wp\/v2\/users\/1"}],"replies":[{"embeddable":true,"href":"https:\/\/addictionsurfboards.com\/de\/wp-json\/wp\/v2\/comments?post=107"}],"version-history":[{"count":2,"href":"https:\/\/addictionsurfboards.com\/de\/wp-json\/wp\/v2\/pages\/107\/revisions"}],"predecessor-version":[{"id":401,"href":"https:\/\/addictionsurfboards.com\/de\/wp-json\/wp\/v2\/pages\/107\/revisions\/401"}],"wp:attachment":[{"href":"https:\/\/addictionsurfboards.com\/de\/wp-json\/wp\/v2\/media?parent=107"}],"curies":[{"name":"wp","href":"https:\/\/api.w.org\/{rel}","templated":true}]}}